{"id":4899,"date":"2025-09-29T17:36:48","date_gmt":"2025-09-29T14:36:48","guid":{"rendered":"https:\/\/yunuset.com.tr\/?post_type=product&#038;p=4899"},"modified":"2025-09-29T17:36:48","modified_gmt":"2025-09-29T14:36:48","slug":"kuzu-satir","status":"publish","type":"product","link":"https:\/\/yunuset.com.tr\/?product=kuzu-satir","title":{"rendered":"Kuzu Sat\u0131r"},"content":{"rendered":"<p>Kuzu sat\u0131r, etin el i\u015f\u00e7ili\u011fiyle ince ve do\u011fal \u015fekilde do\u011franm\u0131\u015f \u00f6zel bir kesimidir. Lifleri korunmu\u015f yap\u0131s\u0131 sayesinde pi\u015ferken lezzetini ve suyunu kaybetmez, yemeklere yo\u011fun bir aroma katar. K\u00f6fte, kavurma veya sulu yemeklerde kullan\u0131labilen kuzu sat\u0131r, protein a\u00e7\u0131s\u0131ndan zengin ve besleyici bir se\u00e7enek olarak sofralara nefis bir tat sunar.<\/p>\n","protected":false},"excerpt":{"rendered":"<p>Kuzu sat\u0131r, etin el i\u015f\u00e7ili\u011fiyle ince ve do\u011fal \u015fekilde do\u011franm\u0131\u015f \u00f6zel bir kesimidir. Lifleri korunmu\u015f yap\u0131s\u0131 sayesinde pi\u015ferken lezzetini ve suyunu kaybetmez, yemeklere yo\u011fun bir aroma katar. K\u00f6fte, kavurma veya sulu yemeklerde kullan\u0131labilen kuzu sat\u0131r, protein a\u00e7\u0131s\u0131ndan zengin ve besleyici bir se\u00e7enek olarak sofralara nefis bir tat sunar.<\/p>\n","protected":false},"featured_media":4900,"comment_status":"open","ping_status":"closed","template":"","meta":[],"product_cat":[15,39],"product_tag":[],"class_list":{"0":"post-4899","1":"product","2":"type-product","3":"status-publish","4":"has-post-thumbnail","6":"product_cat-genel","7":"product_cat-kuzu-urunleri","9":"first","10":"instock","11":"shipping-taxable","12":"purchasable","13":"product-type-simple"},"_links":{"self":[{"href":"https:\/\/yunuset.com.tr\/index.php?rest_route=\/wp\/v2\/product\/4899","targetHints":{"allow":["GET"]}}],"collection":[{"href":"https:\/\/yunuset.com.tr\/index.php?rest_route=\/wp\/v2\/product"}],"about":[{"href":"https:\/\/yunuset.com.tr\/index.php?rest_route=\/wp\/v2\/types\/product"}],"replies":[{"embeddable":true,"href":"https:\/\/yunuset.com.tr\/index.php?rest_route=%2Fwp%2Fv2%2Fcomments&post=4899"}],"wp:featuredmedia":[{"embeddable":true,"href":"https:\/\/yunuset.com.tr\/index.php?rest_route=\/wp\/v2\/media\/4900"}],"wp:attachment":[{"href":"https:\/\/yunuset.com.tr\/index.php?rest_route=%2Fwp%2Fv2%2Fmedia&parent=4899"}],"wp:term":[{"taxonomy":"product_cat","embeddable":true,"href":"https:\/\/yunuset.com.tr\/index.php?rest_route=%2Fwp%2Fv2%2Fproduct_cat&post=4899"},{"taxonomy":"product_tag","embeddable":true,"href":"https:\/\/yunuset.com.tr\/index.php?rest_route=%2Fwp%2Fv2%2Fproduct_tag&post=4899"}],"curies":[{"name":"wp","href":"https:\/\/api.w.org\/{rel}","templated":true}]}}