{"id":4897,"date":"2025-09-29T17:35:20","date_gmt":"2025-09-29T14:35:20","guid":{"rendered":"https:\/\/yunuset.com.tr\/?post_type=product&#038;p=4897"},"modified":"2025-09-29T17:35:20","modified_gmt":"2025-09-29T14:35:20","slug":"kuzu-lokum","status":"publish","type":"product","link":"https:\/\/yunuset.com.tr\/?product=kuzu-lokum","title":{"rendered":"Kuzu Lokum"},"content":{"rendered":"<p>Kuzu lokum, ad\u0131ndan da anla\u015f\u0131laca\u011f\u0131 gibi yumu\u015fac\u0131k dokusu ve lezzetiyle \u00f6ne \u00e7\u0131kan \u00f6zel bir kesimdir. Izgarada, tavada veya f\u0131r\u0131nda pi\u015firildi\u011finde aromas\u0131 korunur ve her lokmada e\u015fsiz bir tat sunar. Protein a\u00e7\u0131s\u0131ndan zengin ve besleyici kuzu lokum, hem g\u00fcnl\u00fck yemeklerde hem de \u00f6zel davetlerde sofralara keyif ve doyuruculuk katar.<\/p>\n","protected":false},"excerpt":{"rendered":"<p>Kuzu lokum, ad\u0131ndan da anla\u015f\u0131laca\u011f\u0131 gibi yumu\u015fac\u0131k dokusu ve lezzetiyle \u00f6ne \u00e7\u0131kan \u00f6zel bir kesimdir. Izgarada, tavada veya f\u0131r\u0131nda pi\u015firildi\u011finde aromas\u0131 korunur ve her lokmada e\u015fsiz bir tat sunar. Protein a\u00e7\u0131s\u0131ndan zengin ve besleyici kuzu lokum, hem g\u00fcnl\u00fck yemeklerde hem de \u00f6zel davetlerde sofralara keyif ve doyuruculuk katar.<\/p>\n","protected":false},"featured_media":4898,"comment_status":"open","ping_status":"closed","template":"","meta":[],"product_cat":[15,39],"product_tag":[],"class_list":{"0":"post-4897","1":"product","2":"type-product","3":"status-publish","4":"has-post-thumbnail","6":"product_cat-genel","7":"product_cat-kuzu-urunleri","9":"first","10":"instock","11":"shipping-taxable","12":"purchasable","13":"product-type-simple"},"_links":{"self":[{"href":"https:\/\/yunuset.com.tr\/index.php?rest_route=\/wp\/v2\/product\/4897","targetHints":{"allow":["GET"]}}],"collection":[{"href":"https:\/\/yunuset.com.tr\/index.php?rest_route=\/wp\/v2\/product"}],"about":[{"href":"https:\/\/yunuset.com.tr\/index.php?rest_route=\/wp\/v2\/types\/product"}],"replies":[{"embeddable":true,"href":"https:\/\/yunuset.com.tr\/index.php?rest_route=%2Fwp%2Fv2%2Fcomments&post=4897"}],"wp:featuredmedia":[{"embeddable":true,"href":"https:\/\/yunuset.com.tr\/index.php?rest_route=\/wp\/v2\/media\/4898"}],"wp:attachment":[{"href":"https:\/\/yunuset.com.tr\/index.php?rest_route=%2Fwp%2Fv2%2Fmedia&parent=4897"}],"wp:term":[{"taxonomy":"product_cat","embeddable":true,"href":"https:\/\/yunuset.com.tr\/index.php?rest_route=%2Fwp%2Fv2%2Fproduct_cat&post=4897"},{"taxonomy":"product_tag","embeddable":true,"href":"https:\/\/yunuset.com.tr\/index.php?rest_route=%2Fwp%2Fv2%2Fproduct_tag&post=4897"}],"curies":[{"name":"wp","href":"https:\/\/api.w.org\/{rel}","templated":true}]}}