{"id":4895,"date":"2025-09-29T17:33:51","date_gmt":"2025-09-29T14:33:51","guid":{"rendered":"https:\/\/yunuset.com.tr\/?post_type=product&#038;p=4895"},"modified":"2025-09-29T17:33:52","modified_gmt":"2025-09-29T14:33:52","slug":"kuzu-incik","status":"publish","type":"product","link":"https:\/\/yunuset.com.tr\/?product=kuzu-incik","title":{"rendered":"Kuzu \u0130ncik"},"content":{"rendered":"<p>Kuzu incik, kemi\u011fiyle birlikte pi\u015firildi\u011finde etin suyu ve aromas\u0131yla yemeklere e\u015fsiz bir lezzet katan \u00f6zel bir kesimdir. Ha\u015flama, g\u00fcve\u00e7 veya f\u0131r\u0131nda pi\u015firildi\u011finde yumu\u015fak ve sulu bir sonu\u00e7 verir. Protein a\u00e7\u0131s\u0131ndan zengin ve besleyici olan kuzu incik, hem g\u00fcnl\u00fck sofralarda hem de \u00f6zel davetlerde lezzet ve doyuruculu\u011fu bir arada sunan ideal bir se\u00e7enektir.<\/p>\n","protected":false},"excerpt":{"rendered":"<p>Kuzu incik, kemi\u011fiyle birlikte pi\u015firildi\u011finde etin suyu ve aromas\u0131yla yemeklere e\u015fsiz bir lezzet katan \u00f6zel bir kesimdir. Ha\u015flama, g\u00fcve\u00e7 veya f\u0131r\u0131nda pi\u015firildi\u011finde yumu\u015fak ve sulu bir sonu\u00e7 verir. Protein a\u00e7\u0131s\u0131ndan zengin ve besleyici olan kuzu incik, hem g\u00fcnl\u00fck sofralarda hem de \u00f6zel davetlerde lezzet ve doyuruculu\u011fu bir arada sunan ideal bir se\u00e7enektir.<\/p>\n","protected":false},"featured_media":4896,"comment_status":"open","ping_status":"closed","template":"","meta":[],"product_cat":[15,39],"product_tag":[],"class_list":{"0":"post-4895","1":"product","2":"type-product","3":"status-publish","4":"has-post-thumbnail","6":"product_cat-genel","7":"product_cat-kuzu-urunleri","9":"first","10":"instock","11":"shipping-taxable","12":"purchasable","13":"product-type-simple"},"_links":{"self":[{"href":"https:\/\/yunuset.com.tr\/index.php?rest_route=\/wp\/v2\/product\/4895","targetHints":{"allow":["GET"]}}],"collection":[{"href":"https:\/\/yunuset.com.tr\/index.php?rest_route=\/wp\/v2\/product"}],"about":[{"href":"https:\/\/yunuset.com.tr\/index.php?rest_route=\/wp\/v2\/types\/product"}],"replies":[{"embeddable":true,"href":"https:\/\/yunuset.com.tr\/index.php?rest_route=%2Fwp%2Fv2%2Fcomments&post=4895"}],"wp:featuredmedia":[{"embeddable":true,"href":"https:\/\/yunuset.com.tr\/index.php?rest_route=\/wp\/v2\/media\/4896"}],"wp:attachment":[{"href":"https:\/\/yunuset.com.tr\/index.php?rest_route=%2Fwp%2Fv2%2Fmedia&parent=4895"}],"wp:term":[{"taxonomy":"product_cat","embeddable":true,"href":"https:\/\/yunuset.com.tr\/index.php?rest_route=%2Fwp%2Fv2%2Fproduct_cat&post=4895"},{"taxonomy":"product_tag","embeddable":true,"href":"https:\/\/yunuset.com.tr\/index.php?rest_route=%2Fwp%2Fv2%2Fproduct_tag&post=4895"}],"curies":[{"name":"wp","href":"https:\/\/api.w.org\/{rel}","templated":true}]}}