{"id":115,"date":"2024-12-09T06:33:13","date_gmt":"2024-12-09T06:33:13","guid":{"rendered":"https:\/\/demo2wpopal.b-cdn.net\/meatlers\/?page_id=115"},"modified":"2025-09-29T18:46:01","modified_gmt":"2025-09-29T15:46:01","slug":"sss","status":"publish","type":"page","link":"https:\/\/yunuset.com.tr\/?page_id=115","title":{"rendered":"s\u0131k sorulan Sorular"},"content":{"rendered":"\t\t<div data-elementor-type=\"wp-page\" data-elementor-id=\"115\" class=\"elementor elementor-115\">\n\t\t\t\t<div class=\"elementor-element elementor-element-42b6eda e-flex e-con-boxed e-con e-parent\" data-id=\"42b6eda\" data-element_type=\"container\">\n\t\t\t\t\t<div class=\"e-con-inner\">\n\t\t\t\t<div class=\"elementor-element elementor-element-815be66 elementor-widget elementor-widget-heading\" data-id=\"815be66\" data-element_type=\"widget\" data-widget_type=\"heading.default\">\n\t\t\t\t\t<div class=\"elementor-heading-title elementor-size-default\">Taptaze, g\u00fcvenilir, do\u011fal<\/div>\t\t\t\t<\/div>\n\t\t\t\t<div class=\"elementor-element elementor-element-974d560 elementor-widget elementor-widget-heading\" data-id=\"974d560\" data-element_type=\"widget\" data-widget_type=\"heading.default\">\n\t\t\t\t\t<h2 class=\"elementor-heading-title elementor-size-default\">Sorun cevaplayal\u0131m<\/h2>\t\t\t\t<\/div>\n\t\t<div class=\"elementor-element elementor-element-9250670 e-con-full e-flex e-con e-child\" data-id=\"9250670\" data-element_type=\"container\">\n\t\t\t\t<div class=\"elementor-element elementor-element-a701b8f elementor-widget elementor-widget-n-accordion\" data-id=\"a701b8f\" data-element_type=\"widget\" data-settings=\"{&quot;default_state&quot;:&quot;expanded&quot;,&quot;max_items_expended&quot;:&quot;one&quot;,&quot;n_accordion_animation_duration&quot;:{&quot;unit&quot;:&quot;ms&quot;,&quot;size&quot;:400,&quot;sizes&quot;:[]}}\" data-widget_type=\"nested-accordion.default\">\n\t\t\t\t\t\t\t<div class=\"e-n-accordion\" aria-label=\"Accordion. Open links with Enter or Space, close with Escape, and navigate with Arrow Keys\">\n\t\t\t\t\t\t<details id=\"e-n-accordion-item-1750\" class=\"e-n-accordion-item\" open>\n\t\t\t\t<summary class=\"e-n-accordion-item-title\" data-accordion-index=\"1\" tabindex=\"0\" aria-expanded=\"true\" aria-controls=\"e-n-accordion-item-1750\" >\n\t\t\t\t\t<span class='e-n-accordion-item-title-header'><div class=\"e-n-accordion-item-title-text\"> Etleriniz ne kadar taze ve nas\u0131l saklan\u0131yor? <\/div><\/span>\n\t\t\t\t\t\t\t<span class='e-n-accordion-item-title-icon'>\n\t\t\t<span class='e-opened' ><i aria-hidden=\"true\" class=\"meatlers-icon- meatlers-icon-minus\"><\/i><\/span>\n\t\t\t<span class='e-closed'><i aria-hidden=\"true\" class=\"meatlers-icon- meatlers-icon-plus\"><\/i><\/span>\n\t\t<\/span>\n\n\t\t\t\t\t\t<\/summary>\n\t\t\t\t<div role=\"region\" aria-labelledby=\"e-n-accordion-item-1750\" class=\"elementor-element elementor-element-1203368 e-con-full e-flex e-con e-child\" data-id=\"1203368\" data-element_type=\"container\">\n\t\t\t\t<div class=\"elementor-element elementor-element-9b7d7e5 elementor-widget elementor-widget-heading\" data-id=\"9b7d7e5\" data-element_type=\"widget\" data-widget_type=\"heading.default\">\n\t\t\t\t\t<div class=\"elementor-heading-title elementor-size-default\">T\u00fcm k\u0131rm\u0131z\u0131 et \u00fcr\u00fcnlerimiz g\u00fcnl\u00fck olarak se\u00e7ilir ve hijyenik ko\u015fullarda haz\u0131rlan\u0131r. \u00d6zel so\u011fuk zincir ta\u015f\u0131mayla sipari\u015flerinize ula\u015f\u0131r, tazeli\u011fini ve aromas\u0131n\u0131 korur.<br data-start=\"425\" data-end=\"428\">\nEtlerimiz, depolama ve ta\u015f\u0131ma s\u00fcre\u00e7lerinde \u00f6zel so\u011futucularla muhafaza edilir. B\u00f6ylece sofran\u0131za her zaman g\u00fcvenilir ve lezzetli \u00fcr\u00fcnler ula\u015ft\u0131r\u0131l\u0131r.<\/div>\t\t\t\t<\/div>\n\t\t\t\t<\/div>\n\t\t\t\t\t<\/details>\n\t\t\t\t\t\t<details id=\"e-n-accordion-item-1751\" class=\"e-n-accordion-item\" >\n\t\t\t\t<summary class=\"e-n-accordion-item-title\" data-accordion-index=\"2\" tabindex=\"-1\" aria-expanded=\"false\" aria-controls=\"e-n-accordion-item-1751\" >\n\t\t\t\t\t<span class='e-n-accordion-item-title-header'><div class=\"e-n-accordion-item-title-text\"> Etleriniz hangi \u00e7iftliklerden veya b\u00f6lgelerden geliyor? <\/div><\/span>\n\t\t\t\t\t\t\t<span class='e-n-accordion-item-title-icon'>\n\t\t\t<span class='e-opened' ><i aria-hidden=\"true\" class=\"meatlers-icon- meatlers-icon-minus\"><\/i><\/span>\n\t\t\t<span class='e-closed'><i aria-hidden=\"true\" class=\"meatlers-icon- meatlers-icon-plus\"><\/i><\/span>\n\t\t<\/span>\n\n\t\t\t\t\t\t<\/summary>\n\t\t\t\t<div role=\"region\" aria-labelledby=\"e-n-accordion-item-1751\" class=\"elementor-element elementor-element-ff8eeee e-con-full e-flex e-con e-child\" data-id=\"ff8eeee\" data-element_type=\"container\">\n\t\t\t\t<div class=\"elementor-element elementor-element-10898ae elementor-widget elementor-widget-heading\" data-id=\"10898ae\" data-element_type=\"widget\" data-widget_type=\"heading.default\">\n\t\t\t\t\t<div class=\"elementor-heading-title elementor-size-default\">T\u00fcm \u00fcr\u00fcnlerimiz, g\u00fcvenilir ve sertifikal\u0131 \u00e7iftliklerden temin edilmektedir. Hayvanlar\u0131n sa\u011fl\u0131\u011f\u0131 ve beslenme ko\u015fullar\u0131 titizlikle kontrol edilir.<br data-start=\"851\" data-end=\"854\">\nKaynaklar\u0131m\u0131z\u0131n \u015feffaf olmas\u0131, m\u00fc\u015fterilerimizin \u00fcr\u00fcnlerin kalitesi ve g\u00fcvenli\u011fi konusunda i\u00e7inin rahat olmas\u0131n\u0131 sa\u011flar. B\u00f6ylece her \u00fcr\u00fcn\u00fcm\u00fcz y\u00fcksek standartlara uygundur.<\/div>\t\t\t\t<\/div>\n\t\t\t\t<\/div>\n\t\t\t\t\t<\/details>\n\t\t\t\t\t\t<details id=\"e-n-accordion-item-1752\" class=\"e-n-accordion-item\" >\n\t\t\t\t<summary class=\"e-n-accordion-item-title\" data-accordion-index=\"3\" tabindex=\"-1\" aria-expanded=\"false\" aria-controls=\"e-n-accordion-item-1752\" >\n\t\t\t\t\t<span class='e-n-accordion-item-title-header'><div class=\"e-n-accordion-item-title-text\"> Sitenizde hangi k\u0131rm\u0131z\u0131 et \u00fcr\u00fcnleri mevcut? <\/div><\/span>\n\t\t\t\t\t\t\t<span class='e-n-accordion-item-title-icon'>\n\t\t\t<span class='e-opened' ><i aria-hidden=\"true\" class=\"meatlers-icon- meatlers-icon-minus\"><\/i><\/span>\n\t\t\t<span class='e-closed'><i aria-hidden=\"true\" class=\"meatlers-icon- meatlers-icon-plus\"><\/i><\/span>\n\t\t<\/span>\n\n\t\t\t\t\t\t<\/summary>\n\t\t\t\t<div role=\"region\" aria-labelledby=\"e-n-accordion-item-1752\" class=\"elementor-element elementor-element-8f1188c e-con-full e-flex e-con e-child\" data-id=\"8f1188c\" data-element_type=\"container\">\n\t\t\t\t<div class=\"elementor-element elementor-element-b9de3e4 elementor-widget elementor-widget-heading\" data-id=\"b9de3e4\" data-element_type=\"widget\" data-widget_type=\"heading.default\">\n\t\t\t\t\t<div class=\"elementor-heading-title elementor-size-default\">Dana ve kuzu \u00fcr\u00fcnleri ba\u015fta olmak \u00fczere ku\u015fba\u015f\u0131, k\u0131yma, pirzola, antrikot, biftek ve daha pek \u00e7ok \u00f6zel kesim et sunuyoruz.<br data-start=\"1269\" data-end=\"1272\">\nAyr\u0131ca sipari\u015finize g\u00f6re kilo ve paketleme se\u00e7enekleriyle ihtiya\u00e7lar\u0131n\u0131za uygun \u015fekilde \u00fcr\u00fcn temin edebilirsiniz.<\/div>\t\t\t\t<\/div>\n\t\t\t\t<\/div>\n\t\t\t\t\t<\/details>\n\t\t\t\t\t\t<details id=\"e-n-accordion-item-1753\" class=\"e-n-accordion-item\" >\n\t\t\t\t<summary class=\"e-n-accordion-item-title\" data-accordion-index=\"4\" tabindex=\"-1\" aria-expanded=\"false\" aria-controls=\"e-n-accordion-item-1753\" >\n\t\t\t\t\t<span class='e-n-accordion-item-title-header'><div class=\"e-n-accordion-item-title-text\"> Etlerinizin hijyenik ve g\u00fcvenilir oldu\u011funu nas\u0131l garanti ediyorsunuz? <\/div><\/span>\n\t\t\t\t\t\t\t<span class='e-n-accordion-item-title-icon'>\n\t\t\t<span class='e-opened' ><i aria-hidden=\"true\" class=\"meatlers-icon- meatlers-icon-minus\"><\/i><\/span>\n\t\t\t<span class='e-closed'><i aria-hidden=\"true\" class=\"meatlers-icon- meatlers-icon-plus\"><\/i><\/span>\n\t\t<\/span>\n\n\t\t\t\t\t\t<\/summary>\n\t\t\t\t<div role=\"region\" aria-labelledby=\"e-n-accordion-item-1753\" class=\"elementor-element elementor-element-f402b38 e-con-full e-flex e-con e-child\" data-id=\"f402b38\" data-element_type=\"container\">\n\t\t\t\t<div class=\"elementor-element elementor-element-554d563 elementor-widget elementor-widget-heading\" data-id=\"554d563\" data-element_type=\"widget\" data-widget_type=\"heading.default\">\n\t\t\t\t\t<div class=\"elementor-heading-title elementor-size-default\">T\u00fcm \u00fcr\u00fcnlerimiz HACCP ve G\u0131da G\u00fcvenli\u011fi standartlar\u0131na uygun olarak haz\u0131rlan\u0131r. Kesim, paketleme ve depolama s\u00fcre\u00e7lerinde s\u0131k\u0131 kontroller uygulan\u0131r.<br data-start=\"1703\" data-end=\"1706\">\nAyr\u0131ca d\u00fczenli i\u00e7 denetimler ve kalite testleri sayesinde, m\u00fc\u015fterilerimize her zaman g\u00fcvenilir ve hijyenik \u00fcr\u00fcnler sunmay\u0131 garanti ediyoruz.<\/div>\t\t\t\t<\/div>\n\t\t\t\t<\/div>\n\t\t\t\t\t<\/details>\n\t\t\t\t\t\t<details id=\"e-n-accordion-item-1754\" class=\"e-n-accordion-item\" >\n\t\t\t\t<summary class=\"e-n-accordion-item-title\" data-accordion-index=\"5\" tabindex=\"-1\" aria-expanded=\"false\" aria-controls=\"e-n-accordion-item-1754\" >\n\t\t\t\t\t<span class='e-n-accordion-item-title-header'><div class=\"e-n-accordion-item-title-text\"> Sipari\u015fim ne kadar s\u00fcrede elime ula\u015f\u0131r? <\/div><\/span>\n\t\t\t\t\t\t\t<span class='e-n-accordion-item-title-icon'>\n\t\t\t<span class='e-opened' ><i aria-hidden=\"true\" class=\"meatlers-icon- meatlers-icon-minus\"><\/i><\/span>\n\t\t\t<span class='e-closed'><i aria-hidden=\"true\" class=\"meatlers-icon- meatlers-icon-plus\"><\/i><\/span>\n\t\t<\/span>\n\n\t\t\t\t\t\t<\/summary>\n\t\t\t\t<div role=\"region\" aria-labelledby=\"e-n-accordion-item-1754\" class=\"elementor-element elementor-element-fd1d2ee e-con-full e-flex e-con e-child\" data-id=\"fd1d2ee\" data-element_type=\"container\">\n\t\t\t\t<div class=\"elementor-element elementor-element-77fc016 elementor-widget elementor-widget-heading\" data-id=\"77fc016\" data-element_type=\"widget\" data-widget_type=\"heading.default\">\n\t\t\t\t\t<div class=\"elementor-heading-title elementor-size-default\">T\u00fcm sipari\u015fler, \u015fehir i\u00e7i genellikle ayn\u0131 g\u00fcn veya ertesi g\u00fcn teslim edilir. \u015eehir d\u0131\u015f\u0131 sipari\u015flerde ise \u00fcr\u00fcnler so\u011fuk zincir lojistik ile g\u00fcvenle ula\u015f\u0131r.<br data-start=\"2125\" data-end=\"2128\">\nH\u0131zl\u0131 teslimat s\u00fcreci, etlerin tazeli\u011finin korunmas\u0131n\u0131 sa\u011flar ve sipari\u015finizin g\u00fcvenli bir \u015fekilde sofran\u0131za ula\u015fmas\u0131na yard\u0131mc\u0131 olur.<\/div>\t\t\t\t<\/div>\n\t\t\t\t<\/div>\n\t\t\t\t\t<\/details>\n\t\t\t\t\t<\/div>\n\t\t\t\t\t\t<\/div>\n\t\t\t\t<div class=\"elementor-element elementor-element-343a354 elementor-widget elementor-widget-n-accordion\" data-id=\"343a354\" data-element_type=\"widget\" data-settings=\"{&quot;default_state&quot;:&quot;expanded&quot;,&quot;max_items_expended&quot;:&quot;one&quot;,&quot;n_accordion_animation_duration&quot;:{&quot;unit&quot;:&quot;ms&quot;,&quot;size&quot;:400,&quot;sizes&quot;:[]}}\" data-widget_type=\"nested-accordion.default\">\n\t\t\t\t\t\t\t<div class=\"e-n-accordion\" aria-label=\"Accordion. Open links with Enter or Space, close with Escape, and navigate with Arrow Keys\">\n\t\t\t\t\t\t<details id=\"e-n-accordion-item-5470\" class=\"e-n-accordion-item\" open>\n\t\t\t\t<summary class=\"e-n-accordion-item-title\" data-accordion-index=\"1\" tabindex=\"0\" aria-expanded=\"true\" aria-controls=\"e-n-accordion-item-5470\" >\n\t\t\t\t\t<span class='e-n-accordion-item-title-header'><div class=\"e-n-accordion-item-title-text\"> \u00d6deme yaparken hangi y\u00f6ntemleri kullanabilirim? <\/div><\/span>\n\t\t\t\t\t\t\t<span class='e-n-accordion-item-title-icon'>\n\t\t\t<span class='e-opened' ><i aria-hidden=\"true\" class=\"meatlers-icon- meatlers-icon-minus\"><\/i><\/span>\n\t\t\t<span class='e-closed'><i aria-hidden=\"true\" class=\"meatlers-icon- meatlers-icon-plus\"><\/i><\/span>\n\t\t<\/span>\n\n\t\t\t\t\t\t<\/summary>\n\t\t\t\t<div role=\"region\" aria-labelledby=\"e-n-accordion-item-5470\" class=\"elementor-element elementor-element-6fc11c1 e-con-full e-flex e-con e-child\" data-id=\"6fc11c1\" data-element_type=\"container\">\n\t\t\t\t<div class=\"elementor-element elementor-element-3264540 elementor-widget elementor-widget-heading\" data-id=\"3264540\" data-element_type=\"widget\" data-widget_type=\"heading.default\">\n\t\t\t\t\t<div class=\"elementor-heading-title elementor-size-default\">Kredi\/banka kart\u0131, kap\u0131da \u00f6deme ve online havale gibi farkl\u0131 \u00f6deme se\u00e7enekleri sunuyoruz.<br data-start=\"2470\" data-end=\"2473\">\nT\u00fcm \u00f6deme i\u015flemleri SSL ve g\u00fcvenli \u00f6deme sistemleri \u00fczerinden ger\u00e7ekle\u015ftirilir, bilgileriniz korunur ve g\u00fcvenli bir al\u0131\u015fveri\u015f deneyimi sa\u011flan\u0131r.<\/div>\t\t\t\t<\/div>\n\t\t\t\t<\/div>\n\t\t\t\t\t<\/details>\n\t\t\t\t\t\t<details id=\"e-n-accordion-item-5471\" class=\"e-n-accordion-item\" >\n\t\t\t\t<summary class=\"e-n-accordion-item-title\" data-accordion-index=\"2\" tabindex=\"-1\" aria-expanded=\"false\" aria-controls=\"e-n-accordion-item-5471\" >\n\t\t\t\t\t<span class='e-n-accordion-item-title-header'><div class=\"e-n-accordion-item-title-text\"> \u00dcr\u00fcnlerin Paketleme \u015eekli Nas\u0131ld\u0131r? <\/div><\/span>\n\t\t\t\t\t\t\t<span class='e-n-accordion-item-title-icon'>\n\t\t\t<span class='e-opened' ><i aria-hidden=\"true\" class=\"meatlers-icon- meatlers-icon-minus\"><\/i><\/span>\n\t\t\t<span class='e-closed'><i aria-hidden=\"true\" class=\"meatlers-icon- meatlers-icon-plus\"><\/i><\/span>\n\t\t<\/span>\n\n\t\t\t\t\t\t<\/summary>\n\t\t\t\t<div role=\"region\" aria-labelledby=\"e-n-accordion-item-5471\" class=\"elementor-element elementor-element-04a634b e-con-full e-flex e-con e-child\" data-id=\"04a634b\" data-element_type=\"container\">\n\t\t\t\t<div class=\"elementor-element elementor-element-33d4120 elementor-widget elementor-widget-heading\" data-id=\"33d4120\" data-element_type=\"widget\" data-widget_type=\"heading.default\">\n\t\t\t\t\t<div class=\"elementor-heading-title elementor-size-default\">\u00dcr\u00fcnlerimiz vakumlu paketleme ile sunulur; bu sayede etler uzun s\u00fcre taze kal\u0131r ve aromas\u0131n\u0131 korur.<br data-start=\"2835\" data-end=\"2838\">\nPaketler ayr\u0131ca so\u011fuk zincir ta\u015f\u0131maya uygun olarak \u00f6zel kutulara yerle\u015ftirilir, b\u00f6ylece teslimatta kalite kayb\u0131 ya\u015fanmaz.<\/div>\t\t\t\t<\/div>\n\t\t\t\t<\/div>\n\t\t\t\t\t<\/details>\n\t\t\t\t\t\t<details id=\"e-n-accordion-item-5472\" class=\"e-n-accordion-item\" >\n\t\t\t\t<summary class=\"e-n-accordion-item-title\" data-accordion-index=\"3\" tabindex=\"-1\" aria-expanded=\"false\" aria-controls=\"e-n-accordion-item-5472\" >\n\t\t\t\t\t<span class='e-n-accordion-item-title-header'><div class=\"e-n-accordion-item-title-text\"> \u00dcr\u00fcnlerden memnun kalmazsam ne yapabilirim? <\/div><\/span>\n\t\t\t\t\t\t\t<span class='e-n-accordion-item-title-icon'>\n\t\t\t<span class='e-opened' ><i aria-hidden=\"true\" class=\"meatlers-icon- meatlers-icon-minus\"><\/i><\/span>\n\t\t\t<span class='e-closed'><i aria-hidden=\"true\" class=\"meatlers-icon- meatlers-icon-plus\"><\/i><\/span>\n\t\t<\/span>\n\n\t\t\t\t\t\t<\/summary>\n\t\t\t\t<div role=\"region\" aria-labelledby=\"e-n-accordion-item-5472\" class=\"elementor-element elementor-element-ff25479 e-con-full e-flex e-con e-child\" data-id=\"ff25479\" data-element_type=\"container\">\n\t\t\t\t<div class=\"elementor-element elementor-element-46ad7f1 elementor-widget elementor-widget-heading\" data-id=\"46ad7f1\" data-element_type=\"widget\" data-widget_type=\"heading.default\">\n\t\t\t\t\t<div class=\"elementor-heading-title elementor-size-default\">Taze et \u00fcr\u00fcnlerinde hijyen sebebiyle iade ve de\u011fi\u015fim s\u0131n\u0131rl\u0131d\u0131r. Ancak teslimat s\u0131ras\u0131nda kalite veya paketleme sorunlar\u0131 ya\u015fan\u0131rsa, \u00fcr\u00fcn de\u011fi\u015fimi veya iade garantisi sunuyoruz.<br data-start=\"3255\" data-end=\"3258\">\nM\u00fc\u015fteri memnuniyeti odakl\u0131 hizmet anlay\u0131\u015f\u0131m\u0131zla sorunlar\u0131 h\u0131zl\u0131 ve g\u00fcvenli bir \u015fekilde \u00e7\u00f6z\u00fcyoruz.<\/div>\t\t\t\t<\/div>\n\t\t\t\t<\/div>\n\t\t\t\t\t<\/details>\n\t\t\t\t\t\t<details id=\"e-n-accordion-item-5473\" class=\"e-n-accordion-item\" >\n\t\t\t\t<summary class=\"e-n-accordion-item-title\" data-accordion-index=\"4\" tabindex=\"-1\" aria-expanded=\"false\" aria-controls=\"e-n-accordion-item-5473\" >\n\t\t\t\t\t<span class='e-n-accordion-item-title-header'><div class=\"e-n-accordion-item-title-text\"> Kilo ve Porsiyon Se\u00e7enekleri Var m\u0131? <\/div><\/span>\n\t\t\t\t\t\t\t<span class='e-n-accordion-item-title-icon'>\n\t\t\t<span class='e-opened' ><i aria-hidden=\"true\" class=\"meatlers-icon- meatlers-icon-minus\"><\/i><\/span>\n\t\t\t<span class='e-closed'><i aria-hidden=\"true\" class=\"meatlers-icon- meatlers-icon-plus\"><\/i><\/span>\n\t\t<\/span>\n\n\t\t\t\t\t\t<\/summary>\n\t\t\t\t<div role=\"region\" aria-labelledby=\"e-n-accordion-item-5473\" class=\"elementor-element elementor-element-7be5a98 e-con-full e-flex e-con e-child\" data-id=\"7be5a98\" data-element_type=\"container\">\n\t\t\t\t<div class=\"elementor-element elementor-element-61aab6b elementor-widget elementor-widget-heading\" data-id=\"61aab6b\" data-element_type=\"widget\" data-widget_type=\"heading.default\">\n\t\t\t\t\t<div class=\"elementor-heading-title elementor-size-default\">Evet, t\u00fcm \u00fcr\u00fcnlerimiz farkl\u0131 kilo ve porsiyon se\u00e7enekleriyle temin edilebilir. \u0130ster k\u00fc\u00e7\u00fck porsiyonlar, ister b\u00fcy\u00fck paketler tercih edebilirsiniz.<br data-start=\"3633\" data-end=\"3636\">\nBu sayede hem g\u00fcnl\u00fck kullan\u0131m hem de davet ve etkinlikler i\u00e7in uygun sipari\u015fler verebilirsiniz.<\/div>\t\t\t\t<\/div>\n\t\t\t\t<\/div>\n\t\t\t\t\t<\/details>\n\t\t\t\t\t\t<details id=\"e-n-accordion-item-5474\" class=\"e-n-accordion-item\" >\n\t\t\t\t<summary class=\"e-n-accordion-item-title\" data-accordion-index=\"5\" tabindex=\"-1\" aria-expanded=\"false\" aria-controls=\"e-n-accordion-item-5474\" >\n\t\t\t\t\t<span class='e-n-accordion-item-title-header'><div class=\"e-n-accordion-item-title-text\"> Neden Yunus Et\u2019ten Al\u0131\u015fveri\u015f Yapmal\u0131y\u0131m? <\/div><\/span>\n\t\t\t\t\t\t\t<span class='e-n-accordion-item-title-icon'>\n\t\t\t<span class='e-opened' ><i aria-hidden=\"true\" class=\"meatlers-icon- meatlers-icon-minus\"><\/i><\/span>\n\t\t\t<span class='e-closed'><i aria-hidden=\"true\" class=\"meatlers-icon- meatlers-icon-plus\"><\/i><\/span>\n\t\t<\/span>\n\n\t\t\t\t\t\t<\/summary>\n\t\t\t\t<div role=\"region\" aria-labelledby=\"e-n-accordion-item-5474\" class=\"elementor-element elementor-element-b38e7f1 e-con-full e-flex e-con e-child\" data-id=\"b38e7f1\" data-element_type=\"container\">\n\t\t\t\t<div class=\"elementor-element elementor-element-d492bf9 elementor-widget elementor-widget-heading\" data-id=\"d492bf9\" data-element_type=\"widget\" data-widget_type=\"heading.default\">\n\t\t\t\t\t<div class=\"elementor-heading-title elementor-size-default\">Yunus Et, tazelik, hijyen, kalite ve g\u00fcveni bir arada sunar. M\u00fc\u015fteri memnuniyeti ve \u00fcr\u00fcn \u00e7e\u015fitlili\u011fi ile sekt\u00f6rde \u00f6ne \u00e7\u0131kar.<br data-start=\"3992\" data-end=\"3995\">\nAyr\u0131ca h\u0131zl\u0131 teslimat, g\u00fcvenli \u00f6deme ve \u00f6zenli paketleme sayesinde her sipari\u015finiz g\u00fcvenle sofran\u0131za ula\u015f\u0131r. Yunus Et, lezzet ve kaliteyi garanti eder.<\/div>\t\t\t\t<\/div>\n\t\t\t\t<\/div>\n\t\t\t\t\t<\/details>\n\t\t\t\t\t<\/div>\n\t\t\t\t\t\t<\/div>\n\t\t\t\t<\/div>\n\t\t\t\t\t<\/div>\n\t\t\t\t<\/div>\n\t\t\t\t<\/div>\n\t\t","protected":false},"excerpt":{"rendered":"<p>Taptaze, g\u00fcvenilir, do\u011fal Sorun cevaplayal\u0131m Etleriniz ne kadar taze ve nas\u0131l saklan\u0131yor? T\u00fcm k\u0131rm\u0131z\u0131 et \u00fcr\u00fcnlerimiz g\u00fcnl\u00fck olarak se\u00e7ilir ve hijyenik ko\u015fullarda haz\u0131rlan\u0131r. \u00d6zel so\u011fuk zincir ta\u015f\u0131mayla sipari\u015flerinize ula\u015f\u0131r, tazeli\u011fini ve aromas\u0131n\u0131 korur. Etlerimiz, depolama ve ta\u015f\u0131ma s\u00fcre\u00e7lerinde \u00f6zel so\u011futucularla muhafaza edilir. B\u00f6ylece sofran\u0131za her zaman g\u00fcvenilir ve lezzetli \u00fcr\u00fcnler ula\u015ft\u0131r\u0131l\u0131r. Etleriniz hangi \u00e7iftliklerden veya [&hellip;]<\/p>\n","protected":false},"author":1,"featured_media":0,"parent":0,"menu_order":0,"comment_status":"closed","ping_status":"closed","template":"","meta":{"footnotes":""},"class_list":["post-115","page","type-page","status-publish","hentry"],"_links":{"self":[{"href":"https:\/\/yunuset.com.tr\/index.php?rest_route=\/wp\/v2\/pages\/115","targetHints":{"allow":["GET"]}}],"collection":[{"href":"https:\/\/yunuset.com.tr\/index.php?rest_route=\/wp\/v2\/pages"}],"about":[{"href":"https:\/\/yunuset.com.tr\/index.php?rest_route=\/wp\/v2\/types\/page"}],"author":[{"embeddable":true,"href":"https:\/\/yunuset.com.tr\/index.php?rest_route=\/wp\/v2\/users\/1"}],"replies":[{"embeddable":true,"href":"https:\/\/yunuset.com.tr\/index.php?rest_route=%2Fwp%2Fv2%2Fcomments&post=115"}],"version-history":[{"count":7,"href":"https:\/\/yunuset.com.tr\/index.php?rest_route=\/wp\/v2\/pages\/115\/revisions"}],"predecessor-version":[{"id":4938,"href":"https:\/\/yunuset.com.tr\/index.php?rest_route=\/wp\/v2\/pages\/115\/revisions\/4938"}],"wp:attachment":[{"href":"https:\/\/yunuset.com.tr\/index.php?rest_route=%2Fwp%2Fv2%2Fmedia&parent=115"}],"curies":[{"name":"wp","href":"https:\/\/api.w.org\/{rel}","templated":true}]}}